{"id":9907,"date":"2020-11-26T11:09:36","date_gmt":"2020-11-26T10:09:36","guid":{"rendered":"https:\/\/mastella.it\/prodotto\/heidi\/"},"modified":"2022-09-27T09:11:23","modified_gmt":"2022-09-27T07:11:23","slug":"heidi","status":"publish","type":"product","link":"https:\/\/mastella.it\/de\/produkte\/heidi\/","title":{"rendered":"Heidi"},"content":{"rendered":"<p>Mit ihrer abgerundeten, kompakten Form ist die nur 150 cm lange, freistehende Badewanne Heidi f\u00fcr kleine B\u00e4der konzipiert und eignet sich perfekt f\u00fcr Dachb\u00f6den, auch zur Wandmontage. Es ist aus Cristalplant f\u00fcr einen traditionelleren Effekt hergestellt. Das macht ihn zu einem Element, das sich perfekt in das Bad einf\u00fcgt und sich an verschiedene Stile anpasst.<\/p>\n","protected":false},"excerpt":{"rendered":"<p>Mit ihrer abgerundeten, kompakten Form ist die nur 150 cm lange, freistehende Badewanne Heidi f\u00fcr kleine B\u00e4der konzipiert und eignet sich perfekt f\u00fcr Dachb\u00f6den, auch zur Wandmontage. Es ist aus Cristalplant f\u00fcr einen traditionelleren Effekt hergestellt. Das macht ihn zu einem Element, das sich perfekt in das Bad einf\u00fcgt und sich an verschiedene Stile anpasst.<\/p>\n","protected":false},"featured_media":8384,"comment_status":"closed","ping_status":"closed","template":"","meta":[],"product_cat":[273],"product_tag":[],"_links":{"self":[{"href":"https:\/\/mastella.it\/de\/wp-json\/wp\/v2\/product\/9907"}],"collection":[{"href":"https:\/\/mastella.it\/de\/wp-json\/wp\/v2\/product"}],"about":[{"href":"https:\/\/mastella.it\/de\/wp-json\/wp\/v2\/types\/product"}],"replies":[{"embeddable":true,"href":"https:\/\/mastella.it\/de\/wp-json\/wp\/v2\/comments?post=9907"}],"wp:featuredmedia":[{"embeddable":true,"href":"https:\/\/mastella.it\/de\/wp-json\/wp\/v2\/media\/8384"}],"wp:attachment":[{"href":"https:\/\/mastella.it\/de\/wp-json\/wp\/v2\/media?parent=9907"}],"wp:term":[{"taxonomy":"product_cat","embeddable":true,"href":"https:\/\/mastella.it\/de\/wp-json\/wp\/v2\/product_cat?post=9907"},{"taxonomy":"product_tag","embeddable":true,"href":"https:\/\/mastella.it\/de\/wp-json\/wp\/v2\/product_tag?post=9907"}],"curies":[{"name":"wp","href":"https:\/\/api.w.org\/{rel}","templated":true}]}}