{"id":9651,"date":"2020-11-26T11:07:22","date_gmt":"2020-11-26T10:07:22","guid":{"rendered":"https:\/\/mastella.it\/prodotto\/vov-white\/"},"modified":"2022-09-27T09:31:21","modified_gmt":"2022-09-27T07:31:21","slug":"vov-white","status":"publish","type":"product","link":"https:\/\/mastella.it\/de\/produkte\/vov-white\/","title":{"rendered":"Vov White"},"content":{"rendered":"<p>Das legend\u00e4re Design der ersten von Mastella entworfenen Badewanne stammt vom Designer Oriano Favaretto. Mit ihren puristischen und essentiellen Formen z\u00e4hlt diese freistehende Badewanne zweifellos zu den beliebtesten und erfolgreichsten Produkten der Marke. Komfort und Design verschmelzen bei dieser ber\u00fchmten, von Mastella entworfenen Badewanne mit gro\u00dfz\u00fcgigen Abmessungen zur Perfektion. Die Badewanne Vov ist aus Cristalplant hergestellt und pr\u00e4sentiert sich mit perfekt glatten Formen und einer matten, nicht kalt wirkenden Oberfl\u00e4che, die bei Ber\u00fchrung sehr angenehm ist.<\/p>\n","protected":false},"excerpt":{"rendered":"<p>Das legend\u00e4re Design der ersten von Mastella entworfenen Badewanne stammt vom Designer Oriano Favaretto. Mit ihren puristischen und essentiellen Formen z\u00e4hlt diese freistehende Badewanne zweifellos zu den beliebtesten und erfolgreichsten Produkten der Marke. Komfort und Design verschmelzen bei dieser ber\u00fchmten, von Mastella entworfenen Badewanne mit gro\u00dfz\u00fcgigen Abmessungen zur Perfektion. Die Badewanne Vov ist aus Cristalplant [&hellip;]<\/p>\n","protected":false},"featured_media":7682,"comment_status":"closed","ping_status":"closed","template":"","meta":[],"product_cat":[273],"product_tag":[],"_links":{"self":[{"href":"https:\/\/mastella.it\/de\/wp-json\/wp\/v2\/product\/9651"}],"collection":[{"href":"https:\/\/mastella.it\/de\/wp-json\/wp\/v2\/product"}],"about":[{"href":"https:\/\/mastella.it\/de\/wp-json\/wp\/v2\/types\/product"}],"replies":[{"embeddable":true,"href":"https:\/\/mastella.it\/de\/wp-json\/wp\/v2\/comments?post=9651"}],"wp:featuredmedia":[{"embeddable":true,"href":"https:\/\/mastella.it\/de\/wp-json\/wp\/v2\/media\/7682"}],"wp:attachment":[{"href":"https:\/\/mastella.it\/de\/wp-json\/wp\/v2\/media?parent=9651"}],"wp:term":[{"taxonomy":"product_cat","embeddable":true,"href":"https:\/\/mastella.it\/de\/wp-json\/wp\/v2\/product_cat?post=9651"},{"taxonomy":"product_tag","embeddable":true,"href":"https:\/\/mastella.it\/de\/wp-json\/wp\/v2\/product_tag?post=9651"}],"curies":[{"name":"wp","href":"https:\/\/api.w.org\/{rel}","templated":true}]}}