{"id":9049,"date":"2020-11-26T11:46:05","date_gmt":"2020-11-26T10:46:05","guid":{"rendered":"https:\/\/mastella.it\/prodotto\/domus\/"},"modified":"2023-06-13T16:43:20","modified_gmt":"2023-06-13T14:43:20","slug":"domus","status":"publish","type":"product","link":"https:\/\/mastella.it\/de\/produkte\/domus\/","title":{"rendered":"Domus"},"content":{"rendered":"<p>Wenn der Spiegel mehr als nur ein reflektierender Gegenstand ist. Domus ist ein Spiegelschrank von Mastella, der durch Linearit\u00e4t und Formenreinheit besticht. Durch seine eleganten Glasb\u00f6den, die sich hinter den Spiegelt\u00fcren verbergen, bietet er viel Stauraum. Er ist in zahlreichen Oberfl\u00e4chen erh\u00e4ltlich, von warmen Holzt\u00f6nen \u00fcber Lackierungen bis zu HPL in Materialoptik. Der Spiegelschrank ist sehr n\u00fctzlich in kleineren B\u00e4dern, in denen der Badschrank nicht den gew\u00fcnschten Stauraum bietet, da er hier f\u00fcr zus\u00e4tzlichen Stauraum sorgt. Eine Lampe aus dem vielf\u00e4ltigen Angebot von Mastella gibt dem Bad den letzten Schliff durch die passende Beleuchtung.<\/p>\n","protected":false},"excerpt":{"rendered":"<p>Wenn der Spiegel mehr als nur ein reflektierender Gegenstand ist. Domus ist ein Spiegelschrank von Mastella, der durch Linearit\u00e4t und Formenreinheit besticht. Durch seine eleganten Glasb\u00f6den, die sich hinter den Spiegelt\u00fcren verbergen, bietet er viel Stauraum. Er ist in zahlreichen Oberfl\u00e4chen erh\u00e4ltlich, von warmen Holzt\u00f6nen \u00fcber Lackierungen bis zu HPL in Materialoptik. Der Spiegelschrank ist [&hellip;]<\/p>\n","protected":false},"featured_media":9044,"comment_status":"closed","ping_status":"closed","template":"","meta":[],"product_cat":[246,260],"product_tag":[],"_links":{"self":[{"href":"https:\/\/mastella.it\/de\/wp-json\/wp\/v2\/product\/9049"}],"collection":[{"href":"https:\/\/mastella.it\/de\/wp-json\/wp\/v2\/product"}],"about":[{"href":"https:\/\/mastella.it\/de\/wp-json\/wp\/v2\/types\/product"}],"replies":[{"embeddable":true,"href":"https:\/\/mastella.it\/de\/wp-json\/wp\/v2\/comments?post=9049"}],"wp:featuredmedia":[{"embeddable":true,"href":"https:\/\/mastella.it\/de\/wp-json\/wp\/v2\/media\/9044"}],"wp:attachment":[{"href":"https:\/\/mastella.it\/de\/wp-json\/wp\/v2\/media?parent=9049"}],"wp:term":[{"taxonomy":"product_cat","embeddable":true,"href":"https:\/\/mastella.it\/de\/wp-json\/wp\/v2\/product_cat?post=9049"},{"taxonomy":"product_tag","embeddable":true,"href":"https:\/\/mastella.it\/de\/wp-json\/wp\/v2\/product_tag?post=9049"}],"curies":[{"name":"wp","href":"https:\/\/api.w.org\/{rel}","templated":true}]}}