{"id":8151,"date":"2020-11-19T15:10:12","date_gmt":"2020-11-19T14:10:12","guid":{"rendered":"https:\/\/mastella.it\/?post_type=product&#038;p=8151"},"modified":"2023-05-10T16:11:31","modified_gmt":"2023-05-10T14:11:31","slug":"kami-18-04","status":"publish","type":"product","link":"https:\/\/mastella.it\/de\/produkte\/kami-18-04\/","title":{"rendered":"Kami 18 &#8211; 04"},"content":{"rendered":"<p>Bildhauerisch und dynamisch. Die Module der Einrichtung <strong>Kami 04<\/strong> sind so im Bad angeordnet, dass eine neue Einrichtungsfreiheit entsteht. Das Resultat ist ein modernes, fr\u00f6hliches und absolut einmaliges Design.<br \/>\nDie Konsolenplatte Oyster mit Waschbecken Mak Mat wird mit zwei versetzt angeordneten Schubladen mit minimalistischem Pull-Out und einem offenen Modul mit Oberfl\u00e4che Soft Mat Nebbia kombiniert. Der Spiegel Boasy mit Bord und LED-Streifen definiert zus\u00e4tzlich das Gleichgewicht des Badm\u00f6bel-Sets neu.<\/p>\n","protected":false},"excerpt":{"rendered":"<p>Bildhauerisch und dynamisch. Die Module der Einrichtung Kami 04 sind so im Bad angeordnet, dass eine neue Einrichtungsfreiheit entsteht. Das Resultat ist ein modernes, fr\u00f6hliches und absolut einmaliges Design. Die Konsolenplatte Oyster mit Waschbecken Mak Mat wird mit zwei versetzt angeordneten Schubladen mit minimalistischem Pull-Out und einem offenen Modul mit Oberfl\u00e4che Soft Mat Nebbia kombiniert. [&hellip;]<\/p>\n","protected":false},"featured_media":7061,"comment_status":"closed","ping_status":"closed","template":"","meta":[],"product_cat":[159,163,182],"product_tag":[],"_links":{"self":[{"href":"https:\/\/mastella.it\/de\/wp-json\/wp\/v2\/product\/8151"}],"collection":[{"href":"https:\/\/mastella.it\/de\/wp-json\/wp\/v2\/product"}],"about":[{"href":"https:\/\/mastella.it\/de\/wp-json\/wp\/v2\/types\/product"}],"replies":[{"embeddable":true,"href":"https:\/\/mastella.it\/de\/wp-json\/wp\/v2\/comments?post=8151"}],"wp:featuredmedia":[{"embeddable":true,"href":"https:\/\/mastella.it\/de\/wp-json\/wp\/v2\/media\/7061"}],"wp:attachment":[{"href":"https:\/\/mastella.it\/de\/wp-json\/wp\/v2\/media?parent=8151"}],"wp:term":[{"taxonomy":"product_cat","embeddable":true,"href":"https:\/\/mastella.it\/de\/wp-json\/wp\/v2\/product_cat?post=8151"},{"taxonomy":"product_tag","embeddable":true,"href":"https:\/\/mastella.it\/de\/wp-json\/wp\/v2\/product_tag?post=8151"}],"curies":[{"name":"wp","href":"https:\/\/api.w.org\/{rel}","templated":true}]}}