{"id":8123,"date":"2020-11-20T10:33:52","date_gmt":"2020-11-20T09:33:52","guid":{"rendered":"https:\/\/mastella.it\/?post_type=product&#038;p=8123"},"modified":"2023-05-23T16:38:27","modified_gmt":"2023-05-23T14:38:27","slug":"tender-lak-01","status":"publish","type":"product","link":"https:\/\/mastella.it\/de\/produkte\/tender-lak-01\/","title":{"rendered":"Tender LAK &#8211; 01"},"content":{"rendered":"<p>Ausdruck purer Eleganz. Die perfekte Symmetrie unterstreicht die Raffinesse jedes Elements der Badeinrichtung <strong>Tender LAK 01<\/strong>, wodurch ein wandh\u00e4ngendes Badm\u00f6bel-Set mit absolutem Charme entsteht. Die Oberfl\u00e4chen sind lackiert Lino Mat und Tranch\u00e9 Chiaro.<br \/>\nDie Konsolenplatte stellt ihre goldenen Maserungen zur Schau und wird zu einer sublimen Ablagefl\u00e4che f\u00fcr das Doppelwaschbecken Hilton Short mit grazilem und geschwungenem Design. Kombiniert mit den beiden Spiegeln Round mit Messingrahmen entsteht eine zeitlose geometrische Harmonie.<\/p>\n","protected":false},"excerpt":{"rendered":"<p>Ausdruck purer Eleganz. Die perfekte Symmetrie unterstreicht die Raffinesse jedes Elements der Badeinrichtung Tender LAK 01, wodurch ein wandh\u00e4ngendes Badm\u00f6bel-Set mit absolutem Charme entsteht. Die Oberfl\u00e4chen sind lackiert Lino Mat und Tranch\u00e9 Chiaro. Die Konsolenplatte stellt ihre goldenen Maserungen zur Schau und wird zu einer sublimen Ablagefl\u00e4che f\u00fcr das Doppelwaschbecken Hilton Short mit grazilem und [&hellip;]<\/p>\n","protected":false},"featured_media":5330,"comment_status":"closed","ping_status":"closed","template":"","meta":[],"product_cat":[169,159,163],"product_tag":[],"_links":{"self":[{"href":"https:\/\/mastella.it\/de\/wp-json\/wp\/v2\/product\/8123"}],"collection":[{"href":"https:\/\/mastella.it\/de\/wp-json\/wp\/v2\/product"}],"about":[{"href":"https:\/\/mastella.it\/de\/wp-json\/wp\/v2\/types\/product"}],"replies":[{"embeddable":true,"href":"https:\/\/mastella.it\/de\/wp-json\/wp\/v2\/comments?post=8123"}],"wp:featuredmedia":[{"embeddable":true,"href":"https:\/\/mastella.it\/de\/wp-json\/wp\/v2\/media\/5330"}],"wp:attachment":[{"href":"https:\/\/mastella.it\/de\/wp-json\/wp\/v2\/media?parent=8123"}],"wp:term":[{"taxonomy":"product_cat","embeddable":true,"href":"https:\/\/mastella.it\/de\/wp-json\/wp\/v2\/product_cat?post=8123"},{"taxonomy":"product_tag","embeddable":true,"href":"https:\/\/mastella.it\/de\/wp-json\/wp\/v2\/product_tag?post=8123"}],"curies":[{"name":"wp","href":"https:\/\/api.w.org\/{rel}","templated":true}]}}