{"id":6864,"date":"2020-11-17T16:19:28","date_gmt":"2020-11-17T15:19:28","guid":{"rendered":"https:\/\/mastella.it\/?post_type=product&#038;p=6864"},"modified":"2023-05-17T16:55:49","modified_gmt":"2023-05-17T14:55:49","slug":"summit-08","status":"publish","type":"product","link":"https:\/\/mastella.it\/de\/produkte\/summit-08\/","title":{"rendered":"Summit 2.0 &#8211; 08"},"content":{"rendered":"<p>Eine Einrichtung mit vagem Retro-Look in zeitgem\u00e4\u00dfer Aufmachung. Das Badm\u00f6bel-Set <strong>Summit 08<\/strong> bringt das klassische Element des Rahmens in einen Kontext mit raffinierten Asymmetrien und aparten Formen.<br \/>\nDie gew\u00f6lbten Formen des Spiegels bilden den sanften Auftakt zur Badewanne Kallaguan, deren Formen einer zarten Blume nachempfunden sind, perfekt f\u00fcr ein eindrucksvolles Bad.<\/p>\n","protected":false},"excerpt":{"rendered":"<p>Un design compatto e minimale dalla nuova capacit\u00e0 organizzativa. Duetto \u00e8 la collezione di arredi bagno monoblocco che riscrive le logiche dello spazio con interni capienti e strutturati.<br \/>\nCon profondit\u00e0 50 o 34 cm i moduli rivelano cassetti attrezzati con divisori intelligenti e dettagli salvaspazio, come il sifone brevettato dalla ricerca Mastella, per riporre tutto ci\u00f2 di cui c\u2019\u00e8 bisogno. Anche in bagni di piccole dimensioni.<\/p>\n","protected":false},"featured_media":5006,"comment_status":"closed","ping_status":"closed","template":"","meta":[],"product_cat":[159,163,162],"product_tag":[],"_links":{"self":[{"href":"https:\/\/mastella.it\/de\/wp-json\/wp\/v2\/product\/6864"}],"collection":[{"href":"https:\/\/mastella.it\/de\/wp-json\/wp\/v2\/product"}],"about":[{"href":"https:\/\/mastella.it\/de\/wp-json\/wp\/v2\/types\/product"}],"replies":[{"embeddable":true,"href":"https:\/\/mastella.it\/de\/wp-json\/wp\/v2\/comments?post=6864"}],"wp:featuredmedia":[{"embeddable":true,"href":"https:\/\/mastella.it\/de\/wp-json\/wp\/v2\/media\/5006"}],"wp:attachment":[{"href":"https:\/\/mastella.it\/de\/wp-json\/wp\/v2\/media?parent=6864"}],"wp:term":[{"taxonomy":"product_cat","embeddable":true,"href":"https:\/\/mastella.it\/de\/wp-json\/wp\/v2\/product_cat?post=6864"},{"taxonomy":"product_tag","embeddable":true,"href":"https:\/\/mastella.it\/de\/wp-json\/wp\/v2\/product_tag?post=6864"}],"curies":[{"name":"wp","href":"https:\/\/api.w.org\/{rel}","templated":true}]}}