{"id":39106,"date":"2023-03-23T11:58:20","date_gmt":"2023-03-23T10:58:20","guid":{"rendered":"https:\/\/mastella.it\/?post_type=product&#038;p=39106"},"modified":"2023-03-23T12:17:15","modified_gmt":"2023-03-23T11:17:15","slug":"waschtischunterschrank-spiegelschrank-bord-duetto-10","status":"publish","type":"product","link":"https:\/\/mastella.it\/de\/produkte\/waschtischunterschrank-spiegelschrank-bord-duetto-10\/","title":{"rendered":"Duetto &#8211; 10"},"content":{"rendered":"<p>Viel Raum wird den Erg\u00e4nzungselementen beim Badm\u00f6bel-Set Duetto 10 gegeben. Der Blick f\u00e4llt sofort auf Sgabello, einen Stuhl, der f\u00fcr mehr Stabilit\u00e4t aus 60 mm starken Elementen hergestellt ist. Gleich danach schwenkt der Blick zum gro\u00dfen, 40 mm starken Bord <a href=\"https:\/\/mastella.it\/de\/produkte\/mensole-40\/\">Mensola40<\/a>, das in sechs verschiedenen L\u00e4ngen hergestellt werden kann. Aber die wahren Protagonisten sind nat\u00fcrlich der Waschtischunterschrank und der gro\u00dfe <strong>Spiegelschrank<\/strong> Kamus, auch dank der charakterstarken Oberfl\u00e4che.<\/p>\n","protected":false},"excerpt":{"rendered":"<p>Viel Raum wird den Erg\u00e4nzungselementen beim Badm\u00f6bel-Set Duetto 10 gegeben. Der Blick f\u00e4llt sofort auf Sgabello, einen Stuhl, der f\u00fcr mehr Stabilit\u00e4t aus 60 mm starken Elementen hergestellt ist. Gleich danach schwenkt der Blick zum gro\u00dfen, 40 mm starken Bord Mensola40, das in sechs verschiedenen L\u00e4ngen hergestellt werden kann. Aber die wahren Protagonisten sind nat\u00fcrlich [&hellip;]<\/p>\n","protected":false},"featured_media":39125,"comment_status":"closed","ping_status":"closed","template":"","meta":[],"product_cat":[159,161],"product_tag":[],"_links":{"self":[{"href":"https:\/\/mastella.it\/de\/wp-json\/wp\/v2\/product\/39106"}],"collection":[{"href":"https:\/\/mastella.it\/de\/wp-json\/wp\/v2\/product"}],"about":[{"href":"https:\/\/mastella.it\/de\/wp-json\/wp\/v2\/types\/product"}],"replies":[{"embeddable":true,"href":"https:\/\/mastella.it\/de\/wp-json\/wp\/v2\/comments?post=39106"}],"wp:featuredmedia":[{"embeddable":true,"href":"https:\/\/mastella.it\/de\/wp-json\/wp\/v2\/media\/39125"}],"wp:attachment":[{"href":"https:\/\/mastella.it\/de\/wp-json\/wp\/v2\/media?parent=39106"}],"wp:term":[{"taxonomy":"product_cat","embeddable":true,"href":"https:\/\/mastella.it\/de\/wp-json\/wp\/v2\/product_cat?post=39106"},{"taxonomy":"product_tag","embeddable":true,"href":"https:\/\/mastella.it\/de\/wp-json\/wp\/v2\/product_tag?post=39106"}],"curies":[{"name":"wp","href":"https:\/\/api.w.org\/{rel}","templated":true}]}}