{"id":39026,"date":"2023-02-21T09:52:57","date_gmt":"2023-02-21T08:52:57","guid":{"rendered":"https:\/\/mastella.it\/?post_type=product&#038;p=39026"},"modified":"2023-03-23T12:17:36","modified_gmt":"2023-03-23T11:17:36","slug":"badschrank-spiegelschrank-haengeschrank-duetto-06","status":"publish","type":"product","link":"https:\/\/mastella.it\/de\/produkte\/badschrank-spiegelschrank-haengeschrank-duetto-06\/","title":{"rendered":"Duetto &#8211; 06"},"content":{"rendered":"<p>Das Badm\u00f6bel-Set Duetto 06 vermittelt sofort ein Gef\u00fchl der Leichtigkeit. Die bei diesen <strong>Badschr\u00e4nken<\/strong> verwendete Oberfl\u00e4che Platino wirkt schlicht, aber nicht k\u00fchl: ein guter Hintergrund, um mit Stoffen und Utensilien Farbakzente zu setzen. Der gro\u00dfe <strong>Spiegel<\/strong> FourLed und die <strong>Waschtischplatte<\/strong> aus Keramik sind die Hauptakteure im Raum, zusammen mit dem schlanken <strong>Hochschrank<\/strong> mit Push-To-Open-\u00d6ffnung.<\/p>\n","protected":false},"excerpt":{"rendered":"<p>Das Badm\u00f6bel-Set Duetto 06 vermittelt sofort ein Gef\u00fchl der Leichtigkeit. Die bei diesen Badschr\u00e4nken verwendete Oberfl\u00e4che Platino wirkt schlicht, aber nicht k\u00fchl: ein guter Hintergrund, um mit Stoffen und Utensilien Farbakzente zu setzen. Der gro\u00dfe Spiegel FourLed und die Waschtischplatte aus Keramik sind die Hauptakteure im Raum, zusammen mit dem schlanken Hochschrank mit Push-To-Open-\u00d6ffnung.<\/p>\n","protected":false},"featured_media":39029,"comment_status":"closed","ping_status":"closed","template":"","meta":[],"product_cat":[159,161],"product_tag":[],"_links":{"self":[{"href":"https:\/\/mastella.it\/de\/wp-json\/wp\/v2\/product\/39026"}],"collection":[{"href":"https:\/\/mastella.it\/de\/wp-json\/wp\/v2\/product"}],"about":[{"href":"https:\/\/mastella.it\/de\/wp-json\/wp\/v2\/types\/product"}],"replies":[{"embeddable":true,"href":"https:\/\/mastella.it\/de\/wp-json\/wp\/v2\/comments?post=39026"}],"wp:featuredmedia":[{"embeddable":true,"href":"https:\/\/mastella.it\/de\/wp-json\/wp\/v2\/media\/39029"}],"wp:attachment":[{"href":"https:\/\/mastella.it\/de\/wp-json\/wp\/v2\/media?parent=39026"}],"wp:term":[{"taxonomy":"product_cat","embeddable":true,"href":"https:\/\/mastella.it\/de\/wp-json\/wp\/v2\/product_cat?post=39026"},{"taxonomy":"product_tag","embeddable":true,"href":"https:\/\/mastella.it\/de\/wp-json\/wp\/v2\/product_tag?post=39026"}],"curies":[{"name":"wp","href":"https:\/\/api.w.org\/{rel}","templated":true}]}}