{"id":31211,"date":"2022-02-10T11:39:54","date_gmt":"2022-02-10T10:39:54","guid":{"rendered":"https:\/\/mastella.it\/?post_type=product&#038;p=31211"},"modified":"2023-05-03T15:46:35","modified_gmt":"2023-05-03T13:46:35","slug":"byte41-06","status":"publish","type":"product","link":"https:\/\/mastella.it\/de\/produkte\/byte41-06\/","title":{"rendered":"Byte 41 &#8211; 06"},"content":{"rendered":"<p>Das Bad erlangt im Zuhause eine immer gr\u00f6\u00dfere Bedeutung. Hier werden zahlreiche T\u00e4tigkeiten erledigt, eine davon ist das Schminken, das einen Spiegel und das richtige Licht erfordert, sowie einen speziell darauf zugeschnittenen Raum. Mit Byte kann sowohl im Bad als auch im Schlafzimmer ein eigener Schminkplatz gestaltet werden. Beim Badm\u00f6bel-Set 6 findet die Schminkkonsole ihren Platz passend zum 41 cm tiefen Schrank Byte, alles in der Oberfl\u00e4che Rovere Nero.<\/p>\n","protected":false},"excerpt":{"rendered":"<p>Das Bad erlangt im Zuhause eine immer gr\u00f6\u00dfere Bedeutung. Hier werden zahlreiche T\u00e4tigkeiten erledigt, eine davon ist das Schminken, das einen Spiegel und das richtige Licht erfordert, sowie einen speziell darauf zugeschnittenen Raum. Mit Byte kann sowohl im Bad als auch im Schlafzimmer ein eigener Schminkplatz gestaltet werden. Beim Badm\u00f6bel-Set 6 findet die Schminkkonsole ihren [&hellip;]<\/p>\n","protected":false},"featured_media":30574,"comment_status":"closed","ping_status":"closed","template":"","meta":[],"product_cat":[429,159,163],"product_tag":[],"_links":{"self":[{"href":"https:\/\/mastella.it\/de\/wp-json\/wp\/v2\/product\/31211"}],"collection":[{"href":"https:\/\/mastella.it\/de\/wp-json\/wp\/v2\/product"}],"about":[{"href":"https:\/\/mastella.it\/de\/wp-json\/wp\/v2\/types\/product"}],"replies":[{"embeddable":true,"href":"https:\/\/mastella.it\/de\/wp-json\/wp\/v2\/comments?post=31211"}],"wp:featuredmedia":[{"embeddable":true,"href":"https:\/\/mastella.it\/de\/wp-json\/wp\/v2\/media\/30574"}],"wp:attachment":[{"href":"https:\/\/mastella.it\/de\/wp-json\/wp\/v2\/media?parent=31211"}],"wp:term":[{"taxonomy":"product_cat","embeddable":true,"href":"https:\/\/mastella.it\/de\/wp-json\/wp\/v2\/product_cat?post=31211"},{"taxonomy":"product_tag","embeddable":true,"href":"https:\/\/mastella.it\/de\/wp-json\/wp\/v2\/product_tag?post=31211"}],"curies":[{"name":"wp","href":"https:\/\/api.w.org\/{rel}","templated":true}]}}