{"id":21530,"date":"2021-03-09T11:43:05","date_gmt":"2021-03-09T10:43:05","guid":{"rendered":"https:\/\/mastella.it\/prodotto\/anis\/"},"modified":"2022-09-27T10:30:02","modified_gmt":"2022-09-27T08:30:02","slug":"anis","status":"publish","type":"product","link":"https:\/\/mastella.it\/de\/produkte\/anis\/","title":{"rendered":"Anis"},"content":{"rendered":"<p>Im Bad gibt es nie genug Platz und h\u00e4ufig sind zus\u00e4tzlich zum Schrank weitere Einrichtungselemente notwendig. So entstand der halbgeschlossene Hochschrank <strong>Anis<\/strong> von Mastella. Ein ger\u00e4umiges Element, das viel Platz bietet, doch gleichzeitig originell und spritzig wirkt, da der offene Teil mit farbigen Fachb\u00f6den und Abtrennungen ausgestattet ist. Der Schrank ist in rechter und linker Ausf\u00fchrung erh\u00e4ltlich.<\/p>\n","protected":false},"excerpt":{"rendered":"<p>Im Bad gibt es nie genug Platz und h\u00e4ufig sind zus\u00e4tzlich zum Schrank weitere Einrichtungselemente notwendig. So entstand der halbgeschlossene Hochschrank Anis von Mastella. Ein ger\u00e4umiges Element, das viel Platz bietet, doch gleichzeitig originell und spritzig wirkt, da der offene Teil mit farbigen Fachb\u00f6den und Abtrennungen ausgestattet ist. Der Schrank ist in rechter und linker [&hellip;]<\/p>\n","protected":false},"featured_media":5120,"comment_status":"closed","ping_status":"closed","template":"","meta":[],"product_cat":[335,334],"product_tag":[],"_links":{"self":[{"href":"https:\/\/mastella.it\/de\/wp-json\/wp\/v2\/product\/21530"}],"collection":[{"href":"https:\/\/mastella.it\/de\/wp-json\/wp\/v2\/product"}],"about":[{"href":"https:\/\/mastella.it\/de\/wp-json\/wp\/v2\/types\/product"}],"replies":[{"embeddable":true,"href":"https:\/\/mastella.it\/de\/wp-json\/wp\/v2\/comments?post=21530"}],"wp:featuredmedia":[{"embeddable":true,"href":"https:\/\/mastella.it\/de\/wp-json\/wp\/v2\/media\/5120"}],"wp:attachment":[{"href":"https:\/\/mastella.it\/de\/wp-json\/wp\/v2\/media?parent=21530"}],"wp:term":[{"taxonomy":"product_cat","embeddable":true,"href":"https:\/\/mastella.it\/de\/wp-json\/wp\/v2\/product_cat?post=21530"},{"taxonomy":"product_tag","embeddable":true,"href":"https:\/\/mastella.it\/de\/wp-json\/wp\/v2\/product_tag?post=21530"}],"curies":[{"name":"wp","href":"https:\/\/api.w.org\/{rel}","templated":true}]}}