{"id":11295,"date":"2021-02-23T14:57:23","date_gmt":"2021-02-23T13:57:23","guid":{"rendered":"https:\/\/mastella.it\/prodotto\/met\/"},"modified":"2023-02-02T10:56:34","modified_gmt":"2023-02-02T09:56:34","slug":"met","status":"publish","type":"product","link":"https:\/\/mastella.it\/de\/produkte\/met\/","title":{"rendered":"Met"},"content":{"rendered":"<p>Ein \u00e4u\u00dferst effektvolles offenes Einrichtungselement: ein wei\u00dfes Metallgestell bildet den Rahmen f\u00fcr diese moderne, technische und funktionale Variante eines Bords. Es ist in den H\u00f6hen 12 cm und 24 cm und in mehreren L\u00e4ngen erh\u00e4ltlich. Seine St\u00e4rke liegt in der R\u00fcckwand, die in zahlreichen Oberfl\u00e4chen angeboten wird, wodurch es jedem Bad angepasst werden kann, f\u00fcr das es bestimmt ist.<\/p>\n","protected":false},"excerpt":{"rendered":"<p>Ein \u00e4u\u00dferst effektvolles offenes Einrichtungselement: ein wei\u00dfes Metallgestell bildet den Rahmen f\u00fcr diese moderne, technische und funktionale Variante eines Bords. Es ist in den H\u00f6hen 12 cm und 24 cm und in mehreren L\u00e4ngen erh\u00e4ltlich. Seine St\u00e4rke liegt in der R\u00fcckwand, die in zahlreichen Oberfl\u00e4chen angeboten wird, wodurch es jedem Bad angepasst werden kann, f\u00fcr [&hellip;]<\/p>\n","protected":false},"featured_media":11284,"comment_status":"closed","ping_status":"closed","template":"","meta":[],"product_cat":[335,334],"product_tag":[],"_links":{"self":[{"href":"https:\/\/mastella.it\/de\/wp-json\/wp\/v2\/product\/11295"}],"collection":[{"href":"https:\/\/mastella.it\/de\/wp-json\/wp\/v2\/product"}],"about":[{"href":"https:\/\/mastella.it\/de\/wp-json\/wp\/v2\/types\/product"}],"replies":[{"embeddable":true,"href":"https:\/\/mastella.it\/de\/wp-json\/wp\/v2\/comments?post=11295"}],"wp:featuredmedia":[{"embeddable":true,"href":"https:\/\/mastella.it\/de\/wp-json\/wp\/v2\/media\/11284"}],"wp:attachment":[{"href":"https:\/\/mastella.it\/de\/wp-json\/wp\/v2\/media?parent=11295"}],"wp:term":[{"taxonomy":"product_cat","embeddable":true,"href":"https:\/\/mastella.it\/de\/wp-json\/wp\/v2\/product_cat?post=11295"},{"taxonomy":"product_tag","embeddable":true,"href":"https:\/\/mastella.it\/de\/wp-json\/wp\/v2\/product_tag?post=11295"}],"curies":[{"name":"wp","href":"https:\/\/api.w.org\/{rel}","templated":true}]}}