{"id":10688,"date":"2020-10-24T09:36:05","date_gmt":"2020-10-24T07:36:05","guid":{"rendered":"https:\/\/mastella.it\/prodotto\/3ew\/"},"modified":"2023-05-30T15:40:18","modified_gmt":"2023-05-30T13:40:18","slug":"fugenloser-waschtisch-smart46","status":"publish","type":"product","link":"https:\/\/mastella.it\/de\/produkte\/fugenloser-waschtisch-smart46\/","title":{"rendered":"Fugenloser Waschtisch Smart46"},"content":{"rendered":"<p>F\u00fcr kleinere B\u00e4der, in denen aufgrund ihrer Gr\u00f6\u00dfe keine zu tiefen Badschr\u00e4nke aufgestellt werden k\u00f6nnen, bietet Mastella den fugenlosen Waschtisch Smart.46, der nicht nur ein festes L\u00e4ngenma\u00df hat, <strong>sondern auch eine Tiefe von nur 46 cm<\/strong>. Er ist mit einem speziell entwickelten Waschbecken ausgestattet, das auch bei geringer Tiefe Ablagefl\u00e4che und Waschbecken in einem einzigen Element bietet. Hohe Nutzbarkeit auf kleinem Raum. Er ist aus Deimos oder Sanit\u00e4rkeramik mit wei\u00dfer oder farbiger Oberfl\u00e4che hergestellt und wird immer mit nicht verschlie\u00dfbarer Ablaufgarnitur geliefert. Erh\u00e4ltlich <strong>NUR<\/strong> in Kombination mit der M\u00f6belkollektion Smart.46.<\/p>\n","protected":false},"excerpt":{"rendered":"<p>F\u00fcr kleinere B\u00e4der, in denen aufgrund ihrer Gr\u00f6\u00dfe keine zu tiefen Badschr\u00e4nke aufgestellt werden k\u00f6nnen, bietet Mastella den fugenlosen Waschtisch Smart.46, der nicht nur ein festes L\u00e4ngenma\u00df hat, sondern auch eine Tiefe von nur 46 cm. Er ist mit einem speziell entwickelten Waschbecken ausgestattet, das auch bei geringer Tiefe Ablagefl\u00e4che und Waschbecken in einem einzigen [&hellip;]<\/p>\n","protected":false},"featured_media":6503,"comment_status":"closed","ping_status":"closed","template":"","meta":[],"product_cat":[317],"product_tag":[],"_links":{"self":[{"href":"https:\/\/mastella.it\/de\/wp-json\/wp\/v2\/product\/10688"}],"collection":[{"href":"https:\/\/mastella.it\/de\/wp-json\/wp\/v2\/product"}],"about":[{"href":"https:\/\/mastella.it\/de\/wp-json\/wp\/v2\/types\/product"}],"replies":[{"embeddable":true,"href":"https:\/\/mastella.it\/de\/wp-json\/wp\/v2\/comments?post=10688"}],"wp:featuredmedia":[{"embeddable":true,"href":"https:\/\/mastella.it\/de\/wp-json\/wp\/v2\/media\/6503"}],"wp:attachment":[{"href":"https:\/\/mastella.it\/de\/wp-json\/wp\/v2\/media?parent=10688"}],"wp:term":[{"taxonomy":"product_cat","embeddable":true,"href":"https:\/\/mastella.it\/de\/wp-json\/wp\/v2\/product_cat?post=10688"},{"taxonomy":"product_tag","embeddable":true,"href":"https:\/\/mastella.it\/de\/wp-json\/wp\/v2\/product_tag?post=10688"}],"curies":[{"name":"wp","href":"https:\/\/api.w.org\/{rel}","templated":true}]}}