{"id":10641,"date":"2021-02-17T10:59:30","date_gmt":"2021-02-17T09:59:30","guid":{"rendered":"https:\/\/mastella.it\/prodotto\/vinci\/"},"modified":"2023-05-30T15:20:50","modified_gmt":"2023-05-30T13:20:50","slug":"vinci","status":"publish","type":"product","link":"https:\/\/mastella.it\/de\/produkte\/vinci\/","title":{"rendered":"Vinci"},"content":{"rendered":"<p>F\u00fcr kleinere B\u00e4der, in denen aufgrund ihrer Gr\u00f6\u00dfe keine Badschr\u00e4nke mit mehr als 120 cm aufgestellt werden k\u00f6nnen, bietet Mastella den fugenlosen Waschtisch mit Festma\u00df Vinci. Er ist mit einem speziell entwickelten Waschbecken ausgestattet, das trotz seiner L\u00e4nge von weniger als 64 cm Ablagefl\u00e4che und Waschbecken in einem einzigen Element bietet. Hohe Nutzbarkeit auf kleinem Raum. Er ist aus matt oder gl\u00e4nzend wei\u00dfem Mineralguss Mak hergestellt und wird immer mit nicht verschlie\u00dfbarer Ablaufgarnitur geliefert. Erh\u00e4ltlich f\u00fcr die M\u00f6belkollektionen Duetto und Kami.<\/p>\n","protected":false},"excerpt":{"rendered":"<p>F\u00fcr kleinere B\u00e4der, in denen aufgrund ihrer Gr\u00f6\u00dfe keine Badschr\u00e4nke mit mehr als 120 cm aufgestellt werden k\u00f6nnen, bietet Mastella den fugenlosen Waschtisch mit Festma\u00df Vinci. Er ist mit einem speziell entwickelten Waschbecken ausgestattet, das trotz seiner L\u00e4nge von weniger als 64 cm Ablagefl\u00e4che und Waschbecken in einem einzigen Element bietet. Hohe Nutzbarkeit auf kleinem [&hellip;]<\/p>\n","protected":false},"featured_media":4396,"comment_status":"closed","ping_status":"closed","template":"","meta":[],"product_cat":[317],"product_tag":[],"_links":{"self":[{"href":"https:\/\/mastella.it\/de\/wp-json\/wp\/v2\/product\/10641"}],"collection":[{"href":"https:\/\/mastella.it\/de\/wp-json\/wp\/v2\/product"}],"about":[{"href":"https:\/\/mastella.it\/de\/wp-json\/wp\/v2\/types\/product"}],"replies":[{"embeddable":true,"href":"https:\/\/mastella.it\/de\/wp-json\/wp\/v2\/comments?post=10641"}],"wp:featuredmedia":[{"embeddable":true,"href":"https:\/\/mastella.it\/de\/wp-json\/wp\/v2\/media\/4396"}],"wp:attachment":[{"href":"https:\/\/mastella.it\/de\/wp-json\/wp\/v2\/media?parent=10641"}],"wp:term":[{"taxonomy":"product_cat","embeddable":true,"href":"https:\/\/mastella.it\/de\/wp-json\/wp\/v2\/product_cat?post=10641"},{"taxonomy":"product_tag","embeddable":true,"href":"https:\/\/mastella.it\/de\/wp-json\/wp\/v2\/product_tag?post=10641"}],"curies":[{"name":"wp","href":"https:\/\/api.w.org\/{rel}","templated":true}]}}